{"id":4125,"date":"2021-03-24T11:03:03","date_gmt":"2021-03-24T11:03:03","guid":{"rendered":"https:\/\/new.inverseteams.ddev.site\/?page_id=4125"},"modified":"2021-03-24T11:03:04","modified_gmt":"2021-03-24T11:03:04","slug":"fabricat-barcelona-des-de-1969","status":"publish","type":"page","link":"https:\/\/www.inverseteams.com\/ca\/fabricat-barcelona-des-de-1969\/","title":{"rendered":"Hist\u00f2ria"},"content":{"rendered":"<div class=\"wrapper-heading\">\n<h1 class=\"wp-block-heading\">Inverse teams, des de 1969<\/h1>\n<\/div>\n\n\n<p>Els or\u00edgens d&#8217;una marca com Inverse no es podrien explicar sense l&#8217;exist\u00e8ncia d&#8217;una passi\u00f3&#8230; La passi\u00f3 pel ciclisme i l&#8217;esport de Joaquim Sabat\u00e9. Una passi\u00f3 que va saber transmetre a tota la seva fam\u00edlia i als seus amics, i que la fam\u00edlia Sabat\u00e9 mant\u00e9 viva aplicant constantment el lema del fundador de l&#8217;empresa de &#8220;mirar sempre endavant&#8221;, innovant amb nous productes i incorporant la confecci\u00f3 de roba personalitzada per esports com el triatl\u00f3, el running, l&#8217;esqu\u00ed, el trail o el bowling.<\/p>\n","protected":false},"excerpt":{"rendered":"<p>Inverse teams, des de 1969 Els or\u00edgens d&#8217;una marca com Inverse no es podrien explicar sense l&#8217;exist\u00e8ncia d&#8217;una passi\u00f3&#8230; La passi\u00f3 pel ciclisme i l&#8217;esport de Joaquim Sabat\u00e9. Una passi\u00f3 que va saber transmetre a tota la seva fam\u00edlia i als seus amics, i que la fam\u00edlia Sabat\u00e9 mant\u00e9 viva aplicant constantment el lema del [&hellip;]<\/p>\n","protected":false},"author":1,"featured_media":0,"parent":0,"menu_order":0,"comment_status":"closed","ping_status":"closed","template":"page-templates\/page-history.php","meta":{"_acf_changed":false,"footnotes":""},"class_list":["post-4125","page","type-page","status-publish","hentry"],"acf":[],"yoast_head":"<!-- This site is optimized with the Yoast SEO plugin v27.5 - https:\/\/yoast.com\/product\/yoast-seo-wordpress\/ -->\n<title>Hist\u00f2ria | Inverseteams<\/title>\n<meta name=\"robots\" content=\"index, follow, max-snippet:-1, max-image-preview:large, max-video-preview:-1\" \/>\n<link rel=\"canonical\" href=\"https:\/\/www.inverseteams.com\/ca\/fabricat-barcelona-des-de-1969\/\" \/>\n<meta property=\"og:locale\" content=\"ca_ES\" \/>\n<meta property=\"og:type\" content=\"article\" \/>\n<meta property=\"og:title\" content=\"Hist\u00f2ria | Inverseteams\" \/>\n<meta property=\"og:description\" content=\"Inverse teams, des de 1969 Els or\u00edgens d&#8217;una marca com Inverse no es podrien explicar sense l&#8217;exist\u00e8ncia d&#8217;una passi\u00f3&#8230; La passi\u00f3 pel ciclisme i l&#8217;esport de Joaquim Sabat\u00e9. Una passi\u00f3 que va saber transmetre a tota la seva fam\u00edlia i als seus amics, i que la fam\u00edlia Sabat\u00e9 mant\u00e9 viva aplicant constantment el lema del [&hellip;]\" \/>\n<meta property=\"og:url\" content=\"https:\/\/www.inverseteams.com\/ca\/fabricat-barcelona-des-de-1969\/\" \/>\n<meta property=\"og:site_name\" content=\"Inverseteams\" \/>\n<meta property=\"article:publisher\" content=\"https:\/\/www.facebook.com\/inverseteams\" \/>\n<meta property=\"article:modified_time\" content=\"2021-03-24T11:03:04+00:00\" \/>\n<meta name=\"twitter:card\" content=\"summary_large_image\" \/>\n<meta name=\"twitter:label1\" content=\"Temps estimat de lectura\" \/>\n\t<meta name=\"twitter:data1\" content=\"1 minut\" \/>\n<script type=\"application\/ld+json\" class=\"yoast-schema-graph\">{\"@context\":\"https:\\\/\\\/schema.org\",\"@graph\":[{\"@type\":\"WebPage\",\"@id\":\"https:\\\/\\\/www.inverseteams.com\\\/ca\\\/fabricat-barcelona-des-de-1969\\\/\",\"url\":\"https:\\\/\\\/www.inverseteams.com\\\/ca\\\/fabricat-barcelona-des-de-1969\\\/\",\"name\":\"Hist\u00f2ria | Inverseteams\",\"isPartOf\":{\"@id\":\"https:\\\/\\\/www.inverseteams.com\\\/ca\\\/#website\"},\"datePublished\":\"2021-03-24T11:03:03+00:00\",\"dateModified\":\"2021-03-24T11:03:04+00:00\",\"breadcrumb\":{\"@id\":\"https:\\\/\\\/www.inverseteams.com\\\/ca\\\/fabricat-barcelona-des-de-1969\\\/#breadcrumb\"},\"inLanguage\":\"ca\",\"potentialAction\":[{\"@type\":\"ReadAction\",\"target\":[\"https:\\\/\\\/www.inverseteams.com\\\/ca\\\/fabricat-barcelona-des-de-1969\\\/\"]}]},{\"@type\":\"BreadcrumbList\",\"@id\":\"https:\\\/\\\/www.inverseteams.com\\\/ca\\\/fabricat-barcelona-des-de-1969\\\/#breadcrumb\",\"itemListElement\":[{\"@type\":\"ListItem\",\"position\":1,\"name\":\"Portada\",\"item\":\"https:\\\/\\\/www.inverseteams.com\\\/ca\\\/pagina-principal\\\/\"},{\"@type\":\"ListItem\",\"position\":2,\"name\":\"Hist\u00f2ria\"}]},{\"@type\":\"WebSite\",\"@id\":\"https:\\\/\\\/www.inverseteams.com\\\/ca\\\/#website\",\"url\":\"https:\\\/\\\/www.inverseteams.com\\\/ca\\\/\",\"name\":\"Inverseteams\",\"description\":\"Tu marca de ropa deportiva personalizada\",\"publisher\":{\"@id\":\"https:\\\/\\\/www.inverseteams.com\\\/ca\\\/#organization\"},\"potentialAction\":[{\"@type\":\"SearchAction\",\"target\":{\"@type\":\"EntryPoint\",\"urlTemplate\":\"https:\\\/\\\/www.inverseteams.com\\\/ca\\\/?s={search_term_string}\"},\"query-input\":{\"@type\":\"PropertyValueSpecification\",\"valueRequired\":true,\"valueName\":\"search_term_string\"}}],\"inLanguage\":\"ca\"},{\"@type\":\"Organization\",\"@id\":\"https:\\\/\\\/www.inverseteams.com\\\/ca\\\/#organization\",\"name\":\"Inverse Teams\",\"url\":\"https:\\\/\\\/www.inverseteams.com\\\/ca\\\/\",\"logo\":{\"@type\":\"ImageObject\",\"inLanguage\":\"ca\",\"@id\":\"https:\\\/\\\/www.inverseteams.com\\\/ca\\\/#\\\/schema\\\/logo\\\/image\\\/\",\"url\":\"https:\\\/\\\/www.inverseteams.com\\\/wp-content\\\/uploads\\\/2021\\\/03\\\/logo-inverse-teams.png\",\"contentUrl\":\"https:\\\/\\\/www.inverseteams.com\\\/wp-content\\\/uploads\\\/2021\\\/03\\\/logo-inverse-teams.png\",\"width\":294,\"height\":99,\"caption\":\"Inverse Teams\"},\"image\":{\"@id\":\"https:\\\/\\\/www.inverseteams.com\\\/ca\\\/#\\\/schema\\\/logo\\\/image\\\/\"},\"sameAs\":[\"https:\\\/\\\/www.facebook.com\\\/inverseteams\",\"http:\\\/\\\/instagram.com\\\/inverseteams\",\"https:\\\/\\\/www.linkedin.com\\\/company\\\/inverse-cirosport-s-l-?trk=job_view_topcard_company_name\",\"http:\\\/\\\/www.pinterest.com\\\/inverseteams\\\/\",\"http:\\\/\\\/www.youtube.com\\\/user\\\/inverseteams?feature=watch\"]}]}<\/script>\n<!-- \/ Yoast SEO plugin. -->","yoast_head_json":{"title":"Hist\u00f2ria | Inverseteams","robots":{"index":"index","follow":"follow","max-snippet":"max-snippet:-1","max-image-preview":"max-image-preview:large","max-video-preview":"max-video-preview:-1"},"canonical":"https:\/\/www.inverseteams.com\/ca\/fabricat-barcelona-des-de-1969\/","og_locale":"ca_ES","og_type":"article","og_title":"Hist\u00f2ria | Inverseteams","og_description":"Inverse teams, des de 1969 Els or\u00edgens d&#8217;una marca com Inverse no es podrien explicar sense l&#8217;exist\u00e8ncia d&#8217;una passi\u00f3&#8230; La passi\u00f3 pel ciclisme i l&#8217;esport de Joaquim Sabat\u00e9. Una passi\u00f3 que va saber transmetre a tota la seva fam\u00edlia i als seus amics, i que la fam\u00edlia Sabat\u00e9 mant\u00e9 viva aplicant constantment el lema del [&hellip;]","og_url":"https:\/\/www.inverseteams.com\/ca\/fabricat-barcelona-des-de-1969\/","og_site_name":"Inverseteams","article_publisher":"https:\/\/www.facebook.com\/inverseteams","article_modified_time":"2021-03-24T11:03:04+00:00","twitter_card":"summary_large_image","twitter_misc":{"Temps estimat de lectura":"1 minut"},"schema":{"@context":"https:\/\/schema.org","@graph":[{"@type":"WebPage","@id":"https:\/\/www.inverseteams.com\/ca\/fabricat-barcelona-des-de-1969\/","url":"https:\/\/www.inverseteams.com\/ca\/fabricat-barcelona-des-de-1969\/","name":"Hist\u00f2ria | Inverseteams","isPartOf":{"@id":"https:\/\/www.inverseteams.com\/ca\/#website"},"datePublished":"2021-03-24T11:03:03+00:00","dateModified":"2021-03-24T11:03:04+00:00","breadcrumb":{"@id":"https:\/\/www.inverseteams.com\/ca\/fabricat-barcelona-des-de-1969\/#breadcrumb"},"inLanguage":"ca","potentialAction":[{"@type":"ReadAction","target":["https:\/\/www.inverseteams.com\/ca\/fabricat-barcelona-des-de-1969\/"]}]},{"@type":"BreadcrumbList","@id":"https:\/\/www.inverseteams.com\/ca\/fabricat-barcelona-des-de-1969\/#breadcrumb","itemListElement":[{"@type":"ListItem","position":1,"name":"Portada","item":"https:\/\/www.inverseteams.com\/ca\/pagina-principal\/"},{"@type":"ListItem","position":2,"name":"Hist\u00f2ria"}]},{"@type":"WebSite","@id":"https:\/\/www.inverseteams.com\/ca\/#website","url":"https:\/\/www.inverseteams.com\/ca\/","name":"Inverseteams","description":"Tu marca de ropa deportiva personalizada","publisher":{"@id":"https:\/\/www.inverseteams.com\/ca\/#organization"},"potentialAction":[{"@type":"SearchAction","target":{"@type":"EntryPoint","urlTemplate":"https:\/\/www.inverseteams.com\/ca\/?s={search_term_string}"},"query-input":{"@type":"PropertyValueSpecification","valueRequired":true,"valueName":"search_term_string"}}],"inLanguage":"ca"},{"@type":"Organization","@id":"https:\/\/www.inverseteams.com\/ca\/#organization","name":"Inverse Teams","url":"https:\/\/www.inverseteams.com\/ca\/","logo":{"@type":"ImageObject","inLanguage":"ca","@id":"https:\/\/www.inverseteams.com\/ca\/#\/schema\/logo\/image\/","url":"https:\/\/www.inverseteams.com\/wp-content\/uploads\/2021\/03\/logo-inverse-teams.png","contentUrl":"https:\/\/www.inverseteams.com\/wp-content\/uploads\/2021\/03\/logo-inverse-teams.png","width":294,"height":99,"caption":"Inverse Teams"},"image":{"@id":"https:\/\/www.inverseteams.com\/ca\/#\/schema\/logo\/image\/"},"sameAs":["https:\/\/www.facebook.com\/inverseteams","http:\/\/instagram.com\/inverseteams","https:\/\/www.linkedin.com\/company\/inverse-cirosport-s-l-?trk=job_view_topcard_company_name","http:\/\/www.pinterest.com\/inverseteams\/","http:\/\/www.youtube.com\/user\/inverseteams?feature=watch"]}]}},"_links":{"self":[{"href":"https:\/\/www.inverseteams.com\/ca\/wp-json\/wp\/v2\/pages\/4125","targetHints":{"allow":["GET"]}}],"collection":[{"href":"https:\/\/www.inverseteams.com\/ca\/wp-json\/wp\/v2\/pages"}],"about":[{"href":"https:\/\/www.inverseteams.com\/ca\/wp-json\/wp\/v2\/types\/page"}],"author":[{"embeddable":true,"href":"https:\/\/www.inverseteams.com\/ca\/wp-json\/wp\/v2\/users\/1"}],"replies":[{"embeddable":true,"href":"https:\/\/www.inverseteams.com\/ca\/wp-json\/wp\/v2\/comments?post=4125"}],"version-history":[{"count":0,"href":"https:\/\/www.inverseteams.com\/ca\/wp-json\/wp\/v2\/pages\/4125\/revisions"}],"wp:attachment":[{"href":"https:\/\/www.inverseteams.com\/ca\/wp-json\/wp\/v2\/media?parent=4125"}],"curies":[{"name":"wp","href":"https:\/\/api.w.org\/{rel}","templated":true}]}}