{"id":3867,"date":"2021-03-23T09:18:55","date_gmt":"2021-03-23T09:18:55","guid":{"rendered":"https:\/\/new.inverseteams.ddev.site\/?page_id=3867"},"modified":"2021-03-23T09:18:55","modified_gmt":"2021-03-23T09:18:55","slug":"metodes-de-pagament","status":"publish","type":"page","link":"https:\/\/www.inverseteams.com\/ca\/metodes-de-pagament\/","title":{"rendered":"M\u00e8todes de pagament"},"content":{"rendered":"<div class=\"wrapper-heading\">\n<h2 class=\"wp-block-heading\">Derecho Desistimiento<\/h2>\n<\/div>\n\n\n<p>El CLIENTE dispondr\u00e1 de un plazo de catorce d\u00edas h\u00e1biles desde la recepci\u00f3n del pedido para resolver el contrato y realizar la devoluci\u00f3n del producto adquirido sin necesidad de invocar causa y sin penalizaci\u00f3n alguna. Por motivos de higiene se except\u00faa el derecho de resoluci\u00f3n se\u00f1alado en el caso de compra de productos que se comprendan como ropa interior as\u00ed como bienes consumibles. <\/p>\n\n\n\n<p>En caso de desistimiento, el CLIENTE debe comunicar su deseo de resolver el contrato mediante un escrito que deber\u00e1 enviar por fax al n\u00famero 00 34 935 937 344 (desde el extranjero) o 935 937 344 (desde Espa\u00f1a) especificando la referencia del contrato de compra, la cuant\u00eda del mismo y adjuntando copia de la factura. <\/p>\n\n\n\n<p>El CLIENTE podr\u00e1 devolver cualquier producto, excepto los indicados, siempre y cuando no hayan sido usados y conserven su precinto o embalaje original. <\/p>\n\n\n\n<p>Si el producto entregado al CLIENTE fuera distinto del solicitado, le ser\u00e1 sustituido por el correcto sin coste alguno para \u00e9l, del mismo modo que si el producto entregado estuviese roto, da\u00f1ado o en condiciones deficientes. En este \u00faltimo caso, el CLIENTE debe indicarlo por escrito en el albar\u00e1n y mandar un e-mail a la direcci\u00f3n atencionalcliente@inverseshop.com especificando la referencia del contrato de compra, la cuant\u00eda del mismo y adjuntando copia de la factura, en un plazo m\u00e1ximo de 48 horas ya que CIRO SPORT debe informar a la empresa de transporte y reclamar los da\u00f1os en caso de hayan sido producidos por esta. Si el CLIENTE no comunica las posibles incidencias que detecte, CIRO SPORT no se hace responsable de los da\u00f1os ocasionados.<\/p>\n\n\n<div class=\"wrapper-heading\">\n<h2 class=\"wp-block-heading\">Reembolso del dinero<\/h2>\n<\/div>\n\n\n<p>Una vez devuelto el producto, cuando este llegue a CIRO SPORT, se examinar\u00e1 que cumple las condiciones de devoluci\u00f3n arriba detalladas. Este proceso puede tardar unos 10-15 d\u00edas, y si todo es correcto, CIRO SPORT proceder\u00e1 al abono del importe de la compra, exceptuando el coste de la recogida del producto que ser\u00e1 igual al valor de los portes satisfechos para el env\u00edo. <\/p>\n\n\n\n<p>Las cantidades satisfechas por el CLIENTE ser\u00e1n devueltas en el plazo m\u00e1ximo de quince d\u00edas desde la recepci\u00f3n del art\u00edculo devuelto, mediante transferencia bancaria a la cuenta que el CLIENTE designe.<\/p>\n\n\n<div class=\"wrapper-heading\">\n<h2 class=\"wp-block-heading\">M\u00e1s informaci\u00f3n<\/h2>\n<\/div>\n\n\n<p>Para m\u00e1s informaci\u00f3n consulte las Condiciones de Contrataci\u00f3n de CIRO SPORT S.L.<\/p>\n","protected":false},"excerpt":{"rendered":"<p>Derecho Desistimiento El CLIENTE dispondr\u00e1 de un plazo de catorce d\u00edas h\u00e1biles desde la recepci\u00f3n del pedido para resolver el contrato y realizar la devoluci\u00f3n del producto adquirido sin necesidad de invocar causa y sin penalizaci\u00f3n alguna. Por motivos de higiene se except\u00faa el derecho de resoluci\u00f3n se\u00f1alado en el caso de compra de productos [&hellip;]<\/p>\n","protected":false},"author":1,"featured_media":0,"parent":0,"menu_order":0,"comment_status":"closed","ping_status":"closed","template":"page-templates\/page-atencion-cliente.php","meta":{"_acf_changed":false,"footnotes":""},"class_list":["post-3867","page","type-page","status-publish","hentry"],"acf":[],"yoast_head":"<!-- This site is optimized with the Yoast SEO plugin v27.5 - https:\/\/yoast.com\/product\/yoast-seo-wordpress\/ -->\n<title>M\u00e8todes de pagament | Inverseteams<\/title>\n<meta name=\"robots\" content=\"index, follow, max-snippet:-1, max-image-preview:large, max-video-preview:-1\" \/>\n<link rel=\"canonical\" href=\"https:\/\/www.inverseteams.com\/ca\/metodes-de-pagament\/\" \/>\n<meta property=\"og:locale\" content=\"ca_ES\" \/>\n<meta property=\"og:type\" content=\"article\" \/>\n<meta property=\"og:title\" content=\"M\u00e8todes de pagament | Inverseteams\" \/>\n<meta property=\"og:description\" content=\"Derecho Desistimiento El CLIENTE dispondr\u00e1 de un plazo de catorce d\u00edas h\u00e1biles desde la recepci\u00f3n del pedido para resolver el contrato y realizar la devoluci\u00f3n del producto adquirido sin necesidad de invocar causa y sin penalizaci\u00f3n alguna. Por motivos de higiene se except\u00faa el derecho de resoluci\u00f3n se\u00f1alado en el caso de compra de productos [&hellip;]\" \/>\n<meta property=\"og:url\" content=\"https:\/\/www.inverseteams.com\/ca\/metodes-de-pagament\/\" \/>\n<meta property=\"og:site_name\" content=\"Inverseteams\" \/>\n<meta property=\"article:publisher\" content=\"https:\/\/www.facebook.com\/inverseteams\" \/>\n<meta name=\"twitter:card\" content=\"summary_large_image\" \/>\n<meta name=\"twitter:label1\" content=\"Temps estimat de lectura\" \/>\n\t<meta name=\"twitter:data1\" content=\"2 minut\" \/>\n<script type=\"application\/ld+json\" class=\"yoast-schema-graph\">{\"@context\":\"https:\\\/\\\/schema.org\",\"@graph\":[{\"@type\":\"WebPage\",\"@id\":\"https:\\\/\\\/www.inverseteams.com\\\/ca\\\/metodes-de-pagament\\\/\",\"url\":\"https:\\\/\\\/www.inverseteams.com\\\/ca\\\/metodes-de-pagament\\\/\",\"name\":\"M\u00e8todes de pagament | Inverseteams\",\"isPartOf\":{\"@id\":\"https:\\\/\\\/www.inverseteams.com\\\/ca\\\/#website\"},\"datePublished\":\"2021-03-23T09:18:55+00:00\",\"breadcrumb\":{\"@id\":\"https:\\\/\\\/www.inverseteams.com\\\/ca\\\/metodes-de-pagament\\\/#breadcrumb\"},\"inLanguage\":\"ca\",\"potentialAction\":[{\"@type\":\"ReadAction\",\"target\":[\"https:\\\/\\\/www.inverseteams.com\\\/ca\\\/metodes-de-pagament\\\/\"]}]},{\"@type\":\"BreadcrumbList\",\"@id\":\"https:\\\/\\\/www.inverseteams.com\\\/ca\\\/metodes-de-pagament\\\/#breadcrumb\",\"itemListElement\":[{\"@type\":\"ListItem\",\"position\":1,\"name\":\"Portada\",\"item\":\"https:\\\/\\\/www.inverseteams.com\\\/ca\\\/pagina-principal\\\/\"},{\"@type\":\"ListItem\",\"position\":2,\"name\":\"M\u00e8todes de pagament\"}]},{\"@type\":\"WebSite\",\"@id\":\"https:\\\/\\\/www.inverseteams.com\\\/ca\\\/#website\",\"url\":\"https:\\\/\\\/www.inverseteams.com\\\/ca\\\/\",\"name\":\"Inverseteams\",\"description\":\"Tu marca de ropa deportiva personalizada\",\"publisher\":{\"@id\":\"https:\\\/\\\/www.inverseteams.com\\\/ca\\\/#organization\"},\"potentialAction\":[{\"@type\":\"SearchAction\",\"target\":{\"@type\":\"EntryPoint\",\"urlTemplate\":\"https:\\\/\\\/www.inverseteams.com\\\/ca\\\/?s={search_term_string}\"},\"query-input\":{\"@type\":\"PropertyValueSpecification\",\"valueRequired\":true,\"valueName\":\"search_term_string\"}}],\"inLanguage\":\"ca\"},{\"@type\":\"Organization\",\"@id\":\"https:\\\/\\\/www.inverseteams.com\\\/ca\\\/#organization\",\"name\":\"Inverse Teams\",\"url\":\"https:\\\/\\\/www.inverseteams.com\\\/ca\\\/\",\"logo\":{\"@type\":\"ImageObject\",\"inLanguage\":\"ca\",\"@id\":\"https:\\\/\\\/www.inverseteams.com\\\/ca\\\/#\\\/schema\\\/logo\\\/image\\\/\",\"url\":\"https:\\\/\\\/www.inverseteams.com\\\/wp-content\\\/uploads\\\/2021\\\/03\\\/logo-inverse-teams.png\",\"contentUrl\":\"https:\\\/\\\/www.inverseteams.com\\\/wp-content\\\/uploads\\\/2021\\\/03\\\/logo-inverse-teams.png\",\"width\":294,\"height\":99,\"caption\":\"Inverse Teams\"},\"image\":{\"@id\":\"https:\\\/\\\/www.inverseteams.com\\\/ca\\\/#\\\/schema\\\/logo\\\/image\\\/\"},\"sameAs\":[\"https:\\\/\\\/www.facebook.com\\\/inverseteams\",\"http:\\\/\\\/instagram.com\\\/inverseteams\",\"https:\\\/\\\/www.linkedin.com\\\/company\\\/inverse-cirosport-s-l-?trk=job_view_topcard_company_name\",\"http:\\\/\\\/www.pinterest.com\\\/inverseteams\\\/\",\"http:\\\/\\\/www.youtube.com\\\/user\\\/inverseteams?feature=watch\"]}]}<\/script>\n<!-- \/ Yoast SEO plugin. -->","yoast_head_json":{"title":"M\u00e8todes de pagament | Inverseteams","robots":{"index":"index","follow":"follow","max-snippet":"max-snippet:-1","max-image-preview":"max-image-preview:large","max-video-preview":"max-video-preview:-1"},"canonical":"https:\/\/www.inverseteams.com\/ca\/metodes-de-pagament\/","og_locale":"ca_ES","og_type":"article","og_title":"M\u00e8todes de pagament | Inverseteams","og_description":"Derecho Desistimiento El CLIENTE dispondr\u00e1 de un plazo de catorce d\u00edas h\u00e1biles desde la recepci\u00f3n del pedido para resolver el contrato y realizar la devoluci\u00f3n del producto adquirido sin necesidad de invocar causa y sin penalizaci\u00f3n alguna. Por motivos de higiene se except\u00faa el derecho de resoluci\u00f3n se\u00f1alado en el caso de compra de productos [&hellip;]","og_url":"https:\/\/www.inverseteams.com\/ca\/metodes-de-pagament\/","og_site_name":"Inverseteams","article_publisher":"https:\/\/www.facebook.com\/inverseteams","twitter_card":"summary_large_image","twitter_misc":{"Temps estimat de lectura":"2 minut"},"schema":{"@context":"https:\/\/schema.org","@graph":[{"@type":"WebPage","@id":"https:\/\/www.inverseteams.com\/ca\/metodes-de-pagament\/","url":"https:\/\/www.inverseteams.com\/ca\/metodes-de-pagament\/","name":"M\u00e8todes de pagament | Inverseteams","isPartOf":{"@id":"https:\/\/www.inverseteams.com\/ca\/#website"},"datePublished":"2021-03-23T09:18:55+00:00","breadcrumb":{"@id":"https:\/\/www.inverseteams.com\/ca\/metodes-de-pagament\/#breadcrumb"},"inLanguage":"ca","potentialAction":[{"@type":"ReadAction","target":["https:\/\/www.inverseteams.com\/ca\/metodes-de-pagament\/"]}]},{"@type":"BreadcrumbList","@id":"https:\/\/www.inverseteams.com\/ca\/metodes-de-pagament\/#breadcrumb","itemListElement":[{"@type":"ListItem","position":1,"name":"Portada","item":"https:\/\/www.inverseteams.com\/ca\/pagina-principal\/"},{"@type":"ListItem","position":2,"name":"M\u00e8todes de pagament"}]},{"@type":"WebSite","@id":"https:\/\/www.inverseteams.com\/ca\/#website","url":"https:\/\/www.inverseteams.com\/ca\/","name":"Inverseteams","description":"Tu marca de ropa deportiva personalizada","publisher":{"@id":"https:\/\/www.inverseteams.com\/ca\/#organization"},"potentialAction":[{"@type":"SearchAction","target":{"@type":"EntryPoint","urlTemplate":"https:\/\/www.inverseteams.com\/ca\/?s={search_term_string}"},"query-input":{"@type":"PropertyValueSpecification","valueRequired":true,"valueName":"search_term_string"}}],"inLanguage":"ca"},{"@type":"Organization","@id":"https:\/\/www.inverseteams.com\/ca\/#organization","name":"Inverse Teams","url":"https:\/\/www.inverseteams.com\/ca\/","logo":{"@type":"ImageObject","inLanguage":"ca","@id":"https:\/\/www.inverseteams.com\/ca\/#\/schema\/logo\/image\/","url":"https:\/\/www.inverseteams.com\/wp-content\/uploads\/2021\/03\/logo-inverse-teams.png","contentUrl":"https:\/\/www.inverseteams.com\/wp-content\/uploads\/2021\/03\/logo-inverse-teams.png","width":294,"height":99,"caption":"Inverse Teams"},"image":{"@id":"https:\/\/www.inverseteams.com\/ca\/#\/schema\/logo\/image\/"},"sameAs":["https:\/\/www.facebook.com\/inverseteams","http:\/\/instagram.com\/inverseteams","https:\/\/www.linkedin.com\/company\/inverse-cirosport-s-l-?trk=job_view_topcard_company_name","http:\/\/www.pinterest.com\/inverseteams\/","http:\/\/www.youtube.com\/user\/inverseteams?feature=watch"]}]}},"_links":{"self":[{"href":"https:\/\/www.inverseteams.com\/ca\/wp-json\/wp\/v2\/pages\/3867","targetHints":{"allow":["GET"]}}],"collection":[{"href":"https:\/\/www.inverseteams.com\/ca\/wp-json\/wp\/v2\/pages"}],"about":[{"href":"https:\/\/www.inverseteams.com\/ca\/wp-json\/wp\/v2\/types\/page"}],"author":[{"embeddable":true,"href":"https:\/\/www.inverseteams.com\/ca\/wp-json\/wp\/v2\/users\/1"}],"replies":[{"embeddable":true,"href":"https:\/\/www.inverseteams.com\/ca\/wp-json\/wp\/v2\/comments?post=3867"}],"version-history":[{"count":0,"href":"https:\/\/www.inverseteams.com\/ca\/wp-json\/wp\/v2\/pages\/3867\/revisions"}],"wp:attachment":[{"href":"https:\/\/www.inverseteams.com\/ca\/wp-json\/wp\/v2\/media?parent=3867"}],"curies":[{"name":"wp","href":"https:\/\/api.w.org\/{rel}","templated":true}]}}