{"id":3852,"date":"2021-03-23T09:03:35","date_gmt":"2021-03-23T09:03:35","guid":{"rendered":"https:\/\/new.inverseteams.ddev.site\/?page_id=3852"},"modified":"2025-04-14T12:48:52","modified_gmt":"2025-04-14T12:48:52","slug":"cura-manteniment-i-rentat","status":"publish","type":"page","link":"https:\/\/www.inverseteams.com\/ca\/cura-manteniment-i-rentat\/","title":{"rendered":"Cura, manteniment i rentat"},"content":{"rendered":"\n<div class=\"wp-block-group has-pale-grey-background-color has-background\"><div class=\"wp-block-group__inner-container is-layout-flow wp-block-group-is-layout-flow\">\n<div class=\"wp-block-columns is-layout-flex wp-container-core-columns-is-layout-9d6595d7 wp-block-columns-is-layout-flex\">\n<div class=\"wp-block-column is-layout-flow wp-block-column-is-layout-flow\"><div class=\"wrapper-classic-paragraph\">\n<h2 id=\"block-085c7199-ea3a-4f07-a939-61a49b00df11\" class=\"block-editor-rich-text__editable block-editor-block-list__block wp-block is-selected is-hovered rich-text\" tabindex=\"0\" role=\"group\" contenteditable=\"true\" aria-multiline=\"true\" aria-label=\"Bloque: Encabezado\" data-block=\"085c7199-ea3a-4f07-a939-61a49b00df11\" data-type=\"core\/heading\" data-title=\"Encabezado\">A Inverse volem que allarguis tot el possible la vida de la teva roba.<\/h2>\n<p><span style=\"font-weight: 400;\">Sabem que aprofites al m\u00e0xim les nostres equipacions i que els hi dones un \u00fas intens i prolongat. A Inverse volem allarguis tot el possible la vida la teva roba.<\/span><\/p>\n<p><span style=\"font-weight: 400;\">La roba esportiva t\u00e8cnica es caracteritza per estar fabricada amb teixits espec\u00edfics pels esportistes amb diverses capacitats com repel\u00b7lir l\u2019aigua, mantenir la temperatura corporal, augmentar la transpirabilitat&#8230;<\/span><\/p>\n<p><span style=\"font-weight: 400;\">La suor i la brut\u00edcia que s\u2019acumula sobre el teixit neutralitza les seves propietats i evita una correcta transpirabilitat.<\/span><\/p>\n<p><span style=\"font-weight: 400;\">Per fer un bon manteniment de les equipacions t\u00e8cniques et donem uns consells molt \u00fatils.<\/span><\/p>\n<\/div><\/div>\n\n\n\n<div class=\"wp-block-column is-layout-flow wp-block-column-is-layout-flow\">\n<figure class=\"wp-block-image size-large\"><img loading=\"lazy\" decoding=\"async\" width=\"1024\" height=\"1024\" src=\"https:\/\/www.inverseteams.com\/wp-content\/uploads\/INVERSE_CUIDADO-MANTENIMIENTO-ROPA-DEPORTE-001-1-1024x1024.jpg\" alt=\"\" class=\"wp-image-253755\" srcset=\"https:\/\/www.inverseteams.com\/wp-content\/uploads\/INVERSE_CUIDADO-MANTENIMIENTO-ROPA-DEPORTE-001-1-1024x1024.jpg 1024w, https:\/\/www.inverseteams.com\/wp-content\/uploads\/INVERSE_CUIDADO-MANTENIMIENTO-ROPA-DEPORTE-001-1-300x300.jpg 300w, https:\/\/www.inverseteams.com\/wp-content\/uploads\/INVERSE_CUIDADO-MANTENIMIENTO-ROPA-DEPORTE-001-1-150x150.jpg 150w, https:\/\/www.inverseteams.com\/wp-content\/uploads\/INVERSE_CUIDADO-MANTENIMIENTO-ROPA-DEPORTE-001-1-768x768.jpg 768w, https:\/\/www.inverseteams.com\/wp-content\/uploads\/INVERSE_CUIDADO-MANTENIMIENTO-ROPA-DEPORTE-001-1-860x860.jpg 860w, https:\/\/www.inverseteams.com\/wp-content\/uploads\/INVERSE_CUIDADO-MANTENIMIENTO-ROPA-DEPORTE-001-1-420x420.jpg 420w, https:\/\/www.inverseteams.com\/wp-content\/uploads\/INVERSE_CUIDADO-MANTENIMIENTO-ROPA-DEPORTE-001-1-100x100.jpg 100w, https:\/\/www.inverseteams.com\/wp-content\/uploads\/INVERSE_CUIDADO-MANTENIMIENTO-ROPA-DEPORTE-001-1-50x50.jpg 50w, https:\/\/www.inverseteams.com\/wp-content\/uploads\/INVERSE_CUIDADO-MANTENIMIENTO-ROPA-DEPORTE-001-1-64x64.jpg 64w, https:\/\/www.inverseteams.com\/wp-content\/uploads\/INVERSE_CUIDADO-MANTENIMIENTO-ROPA-DEPORTE-001-1.jpg 1080w\" sizes=\"auto, (max-width: 1024px) 100vw, 1024px\" \/><\/figure>\n<\/div>\n<\/div>\n<\/div><\/div>\n\n\n<div class=\"wrapper-classic-paragraph\">\n<h2 id=\"block-1698cfc3-4127-4ab0-a18f-cee1674ec91c\" class=\"block-editor-rich-text__editable block-editor-block-list__block wp-block is-selected is-hovered rich-text\" tabindex=\"0\" role=\"group\" contenteditable=\"true\" aria-multiline=\"true\" aria-label=\"Bloque: Encabezado\" data-block=\"1698cfc3-4127-4ab0-a18f-cee1674ec91c\" data-type=\"core\/heading\" data-title=\"Encabezado\">Consells i recomanacions<\/h2>\n<\/div>\n\n<div class=\"wrapper-table\">\n<figure class=\"wp-block-table is-style-table-borders\"><table><tbody><tr><td>Precaucions abans d\u2019utilitzar la pe\u00e7a<\/td><td>Evita el contacte de la roba amb cremes de protecci\u00f3 solar, l\u00edquids bals\u00e0mics o els t\u00edpics productes d\u2019escalfament. Aquests productes contenen subst\u00e0ncies qu\u00edmiques que poden deteriorar r\u00e0pidament els teixits t\u00e8cnics.<\/td><\/tr><tr><td>Despr\u00e9s de fer esport<\/td><td>\u00c9s important rentar la roba r\u00e0pidament despr\u00e9s de fer esport. Mai s\u2019ha de deixar guardada dins una bossa sense transpiraci\u00f3. En cas de no poder-la rentar immediatament \u00e9s important deixar-la en un espai obert i remullar-la amb aigua.<\/td><\/tr><tr><td>Manteniment i rentat<\/td><td>&#8211; Gira la roba del rev\u00e9s abans de rentar-la<br>&#8211; Tanca totes les cremalleres i botons<br>&#8211; Renta la roba a m\u00e0quina o a m\u00e0 sense passar dels 30\u00baC. Mai rentar en sec.<br>&#8211; Utilitza sabons l\u00edquids i neutres.<br>&#8211; No facis servir mai lleixiu, suavitzants o blanquejadors.<br>&#8211; Et recomanem l\u2019\u00fas de bosses de rentat que cas de fer-ho a m\u00e0quina<br>&#8211; Esbandeix abundantment amb aigua per retirar qualsevol rastre de detergent<br>&#8211; Est\u00e0 contraindicat el centrifugat de la roba. Tampoc s\u2019ha d\u2019esc\u00f3rrer ni fregar per treure l\u2019exc\u00e9s d\u2019aigua.<br>&#8211; No utilitzis l\u2019assecadora. La roba s\u2019ha de col\u00b7locar en horitzontal o estesa a l\u2019ombra, mai al sol.<br>&#8211; No planxis la roba t\u00e8cnica d\u2019esport.<br><br>Segueix sempre les instruccions de les etiquetes que acompanyen els nostres productes i si tens qualsevol pregunta no dubtis en posar-te en contacte amb nosaltres<\/td><\/tr><\/tbody><\/table><\/figure>\n<\/div>","protected":false},"excerpt":{"rendered":"<p>A Inverse volem que allarguis tot el possible la vida de la teva roba. Sabem que aprofites al m\u00e0xim les nostres equipacions i que els hi dones un \u00fas intens i prolongat. A Inverse volem allarguis tot el possible la vida la teva roba. La roba esportiva t\u00e8cnica es caracteritza per estar fabricada amb teixits [&hellip;]<\/p>\n","protected":false},"author":1,"featured_media":0,"parent":0,"menu_order":0,"comment_status":"closed","ping_status":"closed","template":"","meta":{"_acf_changed":false,"footnotes":""},"class_list":["post-3852","page","type-page","status-publish","hentry"],"acf":[],"yoast_head":"<!-- This site is optimized with the Yoast SEO plugin v27.3 - https:\/\/yoast.com\/product\/yoast-seo-wordpress\/ -->\n<title>Cura, manteniment i rentat | Inverseteams<\/title>\n<meta name=\"robots\" content=\"index, follow, max-snippet:-1, max-image-preview:large, max-video-preview:-1\" \/>\n<link rel=\"canonical\" href=\"https:\/\/www.inverseteams.com\/ca\/cura-manteniment-i-rentat\/\" \/>\n<meta property=\"og:locale\" content=\"ca_ES\" \/>\n<meta property=\"og:type\" content=\"article\" \/>\n<meta property=\"og:title\" content=\"Cura, manteniment i rentat | Inverseteams\" \/>\n<meta property=\"og:description\" content=\"A Inverse volem que allarguis tot el possible la vida de la teva roba. Sabem que aprofites al m\u00e0xim les nostres equipacions i que els hi dones un \u00fas intens i prolongat. A Inverse volem allarguis tot el possible la vida la teva roba. La roba esportiva t\u00e8cnica es caracteritza per estar fabricada amb teixits [&hellip;]\" \/>\n<meta property=\"og:url\" content=\"https:\/\/www.inverseteams.com\/ca\/cura-manteniment-i-rentat\/\" \/>\n<meta property=\"og:site_name\" content=\"Inverseteams\" \/>\n<meta property=\"article:publisher\" content=\"https:\/\/www.facebook.com\/inverseteams\" \/>\n<meta property=\"article:modified_time\" content=\"2025-04-14T12:48:52+00:00\" \/>\n<meta property=\"og:image\" content=\"https:\/\/www.inverseteams.com\/wp-content\/uploads\/INVERSE_CUIDADO-MANTENIMIENTO-ROPA-DEPORTE-001-1-1024x1024.jpg\" \/>\n<meta name=\"twitter:card\" content=\"summary_large_image\" \/>\n<meta name=\"twitter:label1\" content=\"Temps estimat de lectura\" \/>\n\t<meta name=\"twitter:data1\" content=\"2 minut\" \/>\n<script type=\"application\/ld+json\" class=\"yoast-schema-graph\">{\"@context\":\"https:\\\/\\\/schema.org\",\"@graph\":[{\"@type\":\"WebPage\",\"@id\":\"https:\\\/\\\/www.inverseteams.com\\\/ca\\\/cura-manteniment-i-rentat\\\/\",\"url\":\"https:\\\/\\\/www.inverseteams.com\\\/ca\\\/cura-manteniment-i-rentat\\\/\",\"name\":\"Cura, manteniment i rentat | Inverseteams\",\"isPartOf\":{\"@id\":\"https:\\\/\\\/www.inverseteams.com\\\/ca\\\/#website\"},\"primaryImageOfPage\":{\"@id\":\"https:\\\/\\\/www.inverseteams.com\\\/ca\\\/cura-manteniment-i-rentat\\\/#primaryimage\"},\"image\":{\"@id\":\"https:\\\/\\\/www.inverseteams.com\\\/ca\\\/cura-manteniment-i-rentat\\\/#primaryimage\"},\"thumbnailUrl\":\"https:\\\/\\\/www.inverseteams.com\\\/wp-content\\\/uploads\\\/INVERSE_CUIDADO-MANTENIMIENTO-ROPA-DEPORTE-001-1-1024x1024.jpg\",\"datePublished\":\"2021-03-23T09:03:35+00:00\",\"dateModified\":\"2025-04-14T12:48:52+00:00\",\"breadcrumb\":{\"@id\":\"https:\\\/\\\/www.inverseteams.com\\\/ca\\\/cura-manteniment-i-rentat\\\/#breadcrumb\"},\"inLanguage\":\"ca\",\"potentialAction\":[{\"@type\":\"ReadAction\",\"target\":[\"https:\\\/\\\/www.inverseteams.com\\\/ca\\\/cura-manteniment-i-rentat\\\/\"]}]},{\"@type\":\"ImageObject\",\"inLanguage\":\"ca\",\"@id\":\"https:\\\/\\\/www.inverseteams.com\\\/ca\\\/cura-manteniment-i-rentat\\\/#primaryimage\",\"url\":\"https:\\\/\\\/www.inverseteams.com\\\/wp-content\\\/uploads\\\/INVERSE_CUIDADO-MANTENIMIENTO-ROPA-DEPORTE-001-1-1024x1024.jpg\",\"contentUrl\":\"https:\\\/\\\/www.inverseteams.com\\\/wp-content\\\/uploads\\\/INVERSE_CUIDADO-MANTENIMIENTO-ROPA-DEPORTE-001-1-1024x1024.jpg\"},{\"@type\":\"BreadcrumbList\",\"@id\":\"https:\\\/\\\/www.inverseteams.com\\\/ca\\\/cura-manteniment-i-rentat\\\/#breadcrumb\",\"itemListElement\":[{\"@type\":\"ListItem\",\"position\":1,\"name\":\"Portada\",\"item\":\"https:\\\/\\\/www.inverseteams.com\\\/ca\\\/pagina-principal\\\/\"},{\"@type\":\"ListItem\",\"position\":2,\"name\":\"Cura, manteniment i rentat\"}]},{\"@type\":\"WebSite\",\"@id\":\"https:\\\/\\\/www.inverseteams.com\\\/ca\\\/#website\",\"url\":\"https:\\\/\\\/www.inverseteams.com\\\/ca\\\/\",\"name\":\"Inverseteams\",\"description\":\"Tu marca de ropa deportiva personalizada\",\"publisher\":{\"@id\":\"https:\\\/\\\/www.inverseteams.com\\\/ca\\\/#organization\"},\"potentialAction\":[{\"@type\":\"SearchAction\",\"target\":{\"@type\":\"EntryPoint\",\"urlTemplate\":\"https:\\\/\\\/www.inverseteams.com\\\/ca\\\/?s={search_term_string}\"},\"query-input\":{\"@type\":\"PropertyValueSpecification\",\"valueRequired\":true,\"valueName\":\"search_term_string\"}}],\"inLanguage\":\"ca\"},{\"@type\":\"Organization\",\"@id\":\"https:\\\/\\\/www.inverseteams.com\\\/ca\\\/#organization\",\"name\":\"Inverse Teams\",\"url\":\"https:\\\/\\\/www.inverseteams.com\\\/ca\\\/\",\"logo\":{\"@type\":\"ImageObject\",\"inLanguage\":\"ca\",\"@id\":\"https:\\\/\\\/www.inverseteams.com\\\/ca\\\/#\\\/schema\\\/logo\\\/image\\\/\",\"url\":\"https:\\\/\\\/www.inverseteams.com\\\/wp-content\\\/uploads\\\/2021\\\/03\\\/logo-inverse-teams.png\",\"contentUrl\":\"https:\\\/\\\/www.inverseteams.com\\\/wp-content\\\/uploads\\\/2021\\\/03\\\/logo-inverse-teams.png\",\"width\":294,\"height\":99,\"caption\":\"Inverse Teams\"},\"image\":{\"@id\":\"https:\\\/\\\/www.inverseteams.com\\\/ca\\\/#\\\/schema\\\/logo\\\/image\\\/\"},\"sameAs\":[\"https:\\\/\\\/www.facebook.com\\\/inverseteams\",\"http:\\\/\\\/instagram.com\\\/inverseteams\",\"https:\\\/\\\/www.linkedin.com\\\/company\\\/inverse-cirosport-s-l-?trk=job_view_topcard_company_name\",\"http:\\\/\\\/www.pinterest.com\\\/inverseteams\\\/\",\"http:\\\/\\\/www.youtube.com\\\/user\\\/inverseteams?feature=watch\"]}]}<\/script>\n<!-- \/ Yoast SEO plugin. -->","yoast_head_json":{"title":"Cura, manteniment i rentat | Inverseteams","robots":{"index":"index","follow":"follow","max-snippet":"max-snippet:-1","max-image-preview":"max-image-preview:large","max-video-preview":"max-video-preview:-1"},"canonical":"https:\/\/www.inverseteams.com\/ca\/cura-manteniment-i-rentat\/","og_locale":"ca_ES","og_type":"article","og_title":"Cura, manteniment i rentat | Inverseteams","og_description":"A Inverse volem que allarguis tot el possible la vida de la teva roba. Sabem que aprofites al m\u00e0xim les nostres equipacions i que els hi dones un \u00fas intens i prolongat. A Inverse volem allarguis tot el possible la vida la teva roba. La roba esportiva t\u00e8cnica es caracteritza per estar fabricada amb teixits [&hellip;]","og_url":"https:\/\/www.inverseteams.com\/ca\/cura-manteniment-i-rentat\/","og_site_name":"Inverseteams","article_publisher":"https:\/\/www.facebook.com\/inverseteams","article_modified_time":"2025-04-14T12:48:52+00:00","og_image":[{"url":"https:\/\/www.inverseteams.com\/wp-content\/uploads\/INVERSE_CUIDADO-MANTENIMIENTO-ROPA-DEPORTE-001-1-1024x1024.jpg","type":"","width":"","height":""}],"twitter_card":"summary_large_image","twitter_misc":{"Temps estimat de lectura":"2 minut"},"schema":{"@context":"https:\/\/schema.org","@graph":[{"@type":"WebPage","@id":"https:\/\/www.inverseteams.com\/ca\/cura-manteniment-i-rentat\/","url":"https:\/\/www.inverseteams.com\/ca\/cura-manteniment-i-rentat\/","name":"Cura, manteniment i rentat | Inverseteams","isPartOf":{"@id":"https:\/\/www.inverseteams.com\/ca\/#website"},"primaryImageOfPage":{"@id":"https:\/\/www.inverseteams.com\/ca\/cura-manteniment-i-rentat\/#primaryimage"},"image":{"@id":"https:\/\/www.inverseteams.com\/ca\/cura-manteniment-i-rentat\/#primaryimage"},"thumbnailUrl":"https:\/\/www.inverseteams.com\/wp-content\/uploads\/INVERSE_CUIDADO-MANTENIMIENTO-ROPA-DEPORTE-001-1-1024x1024.jpg","datePublished":"2021-03-23T09:03:35+00:00","dateModified":"2025-04-14T12:48:52+00:00","breadcrumb":{"@id":"https:\/\/www.inverseteams.com\/ca\/cura-manteniment-i-rentat\/#breadcrumb"},"inLanguage":"ca","potentialAction":[{"@type":"ReadAction","target":["https:\/\/www.inverseteams.com\/ca\/cura-manteniment-i-rentat\/"]}]},{"@type":"ImageObject","inLanguage":"ca","@id":"https:\/\/www.inverseteams.com\/ca\/cura-manteniment-i-rentat\/#primaryimage","url":"https:\/\/www.inverseteams.com\/wp-content\/uploads\/INVERSE_CUIDADO-MANTENIMIENTO-ROPA-DEPORTE-001-1-1024x1024.jpg","contentUrl":"https:\/\/www.inverseteams.com\/wp-content\/uploads\/INVERSE_CUIDADO-MANTENIMIENTO-ROPA-DEPORTE-001-1-1024x1024.jpg"},{"@type":"BreadcrumbList","@id":"https:\/\/www.inverseteams.com\/ca\/cura-manteniment-i-rentat\/#breadcrumb","itemListElement":[{"@type":"ListItem","position":1,"name":"Portada","item":"https:\/\/www.inverseteams.com\/ca\/pagina-principal\/"},{"@type":"ListItem","position":2,"name":"Cura, manteniment i rentat"}]},{"@type":"WebSite","@id":"https:\/\/www.inverseteams.com\/ca\/#website","url":"https:\/\/www.inverseteams.com\/ca\/","name":"Inverseteams","description":"Tu marca de ropa deportiva personalizada","publisher":{"@id":"https:\/\/www.inverseteams.com\/ca\/#organization"},"potentialAction":[{"@type":"SearchAction","target":{"@type":"EntryPoint","urlTemplate":"https:\/\/www.inverseteams.com\/ca\/?s={search_term_string}"},"query-input":{"@type":"PropertyValueSpecification","valueRequired":true,"valueName":"search_term_string"}}],"inLanguage":"ca"},{"@type":"Organization","@id":"https:\/\/www.inverseteams.com\/ca\/#organization","name":"Inverse Teams","url":"https:\/\/www.inverseteams.com\/ca\/","logo":{"@type":"ImageObject","inLanguage":"ca","@id":"https:\/\/www.inverseteams.com\/ca\/#\/schema\/logo\/image\/","url":"https:\/\/www.inverseteams.com\/wp-content\/uploads\/2021\/03\/logo-inverse-teams.png","contentUrl":"https:\/\/www.inverseteams.com\/wp-content\/uploads\/2021\/03\/logo-inverse-teams.png","width":294,"height":99,"caption":"Inverse Teams"},"image":{"@id":"https:\/\/www.inverseteams.com\/ca\/#\/schema\/logo\/image\/"},"sameAs":["https:\/\/www.facebook.com\/inverseteams","http:\/\/instagram.com\/inverseteams","https:\/\/www.linkedin.com\/company\/inverse-cirosport-s-l-?trk=job_view_topcard_company_name","http:\/\/www.pinterest.com\/inverseteams\/","http:\/\/www.youtube.com\/user\/inverseteams?feature=watch"]}]}},"_links":{"self":[{"href":"https:\/\/www.inverseteams.com\/ca\/wp-json\/wp\/v2\/pages\/3852","targetHints":{"allow":["GET"]}}],"collection":[{"href":"https:\/\/www.inverseteams.com\/ca\/wp-json\/wp\/v2\/pages"}],"about":[{"href":"https:\/\/www.inverseteams.com\/ca\/wp-json\/wp\/v2\/types\/page"}],"author":[{"embeddable":true,"href":"https:\/\/www.inverseteams.com\/ca\/wp-json\/wp\/v2\/users\/1"}],"replies":[{"embeddable":true,"href":"https:\/\/www.inverseteams.com\/ca\/wp-json\/wp\/v2\/comments?post=3852"}],"version-history":[{"count":0,"href":"https:\/\/www.inverseteams.com\/ca\/wp-json\/wp\/v2\/pages\/3852\/revisions"}],"wp:attachment":[{"href":"https:\/\/www.inverseteams.com\/ca\/wp-json\/wp\/v2\/media?parent=3852"}],"curies":[{"name":"wp","href":"https:\/\/api.w.org\/{rel}","templated":true}]}}