{"id":276850,"date":"2025-12-23T14:30:23","date_gmt":"2025-12-23T13:30:23","guid":{"rendered":"https:\/\/www.inverseteams.com\/?page_id=276850"},"modified":"2025-12-23T14:34:23","modified_gmt":"2025-12-23T13:34:23","slug":"roba-de-basquet-personalitzada","status":"publish","type":"page","link":"https:\/\/www.inverseteams.com\/ca\/roba-de-basquet-personalitzada\/","title":{"rendered":"Roba de b\u00e0squet personalitzada"},"content":{"rendered":"","protected":false},"excerpt":{"rendered":"","protected":false},"author":783,"featured_media":0,"parent":0,"menu_order":0,"comment_status":"closed","ping_status":"closed","template":"page-templates\/page-landing.php","meta":{"_acf_changed":false,"footnotes":""},"class_list":["post-276850","page","type-page","status-publish","hentry"],"acf":[],"yoast_head":"<!-- This site is optimized with the Yoast SEO plugin v27.3 - https:\/\/yoast.com\/product\/yoast-seo-wordpress\/ -->\n<title>Equipacions de b\u00e0squet personalitzades | Lliurament en 4 Setmanes<\/title>\n<meta name=\"description\" content=\"Roba de b\u00e0squet personalitzada per al teu equip o club. Escull la gamma i demana pressupost. Amb el teu disseny incl\u00f2s, entrega garantida en 4 setmanes!\" \/>\n<meta name=\"robots\" content=\"noindex, follow\" \/>\n<meta property=\"og:locale\" content=\"ca_ES\" \/>\n<meta property=\"og:type\" content=\"article\" \/>\n<meta property=\"og:title\" content=\"Equipacions de b\u00e0squet personalitzades | Lliurament en 4 Setmanes\" \/>\n<meta property=\"og:description\" content=\"Roba de b\u00e0squet personalitzada per al teu equip o club. Escull la gamma i demana pressupost. Amb el teu disseny incl\u00f2s, entrega garantida en 4 setmanes!\" \/>\n<meta property=\"og:url\" content=\"https:\/\/www.inverseteams.com\/ca\/roba-de-basquet-personalitzada\/\" \/>\n<meta property=\"og:site_name\" content=\"Inverseteams\" \/>\n<meta property=\"article:publisher\" content=\"https:\/\/www.facebook.com\/inverseteams\" \/>\n<meta property=\"article:modified_time\" content=\"2025-12-23T13:34:23+00:00\" \/>\n<meta name=\"twitter:card\" content=\"summary_large_image\" \/>\n<script type=\"application\/ld+json\" class=\"yoast-schema-graph\">{\"@context\":\"https:\\\/\\\/schema.org\",\"@graph\":[{\"@type\":\"WebPage\",\"@id\":\"https:\\\/\\\/www.inverseteams.com\\\/ca\\\/roba-de-basquet-personalitzada\\\/\",\"url\":\"https:\\\/\\\/www.inverseteams.com\\\/ca\\\/roba-de-basquet-personalitzada\\\/\",\"name\":\"Equipacions de b\u00e0squet personalitzades | Lliurament en 4 Setmanes\",\"isPartOf\":{\"@id\":\"https:\\\/\\\/www.inverseteams.com\\\/ca\\\/#website\"},\"datePublished\":\"2025-12-23T13:30:23+00:00\",\"dateModified\":\"2025-12-23T13:34:23+00:00\",\"description\":\"Roba de b\u00e0squet personalitzada per al teu equip o club. Escull la gamma i demana pressupost. Amb el teu disseny incl\u00f2s, entrega garantida en 4 setmanes!\",\"breadcrumb\":{\"@id\":\"https:\\\/\\\/www.inverseteams.com\\\/ca\\\/roba-de-basquet-personalitzada\\\/#breadcrumb\"},\"inLanguage\":\"ca\",\"potentialAction\":[{\"@type\":\"ReadAction\",\"target\":[\"https:\\\/\\\/www.inverseteams.com\\\/ca\\\/roba-de-basquet-personalitzada\\\/\"]}]},{\"@type\":\"BreadcrumbList\",\"@id\":\"https:\\\/\\\/www.inverseteams.com\\\/ca\\\/roba-de-basquet-personalitzada\\\/#breadcrumb\",\"itemListElement\":[{\"@type\":\"ListItem\",\"position\":1,\"name\":\"Portada\",\"item\":\"https:\\\/\\\/www.inverseteams.com\\\/ca\\\/pagina-principal\\\/\"},{\"@type\":\"ListItem\",\"position\":2,\"name\":\"Roba de b\u00e0squet personalitzada\"}]},{\"@type\":\"WebSite\",\"@id\":\"https:\\\/\\\/www.inverseteams.com\\\/ca\\\/#website\",\"url\":\"https:\\\/\\\/www.inverseteams.com\\\/ca\\\/\",\"name\":\"Inverseteams\",\"description\":\"Tu marca de ropa deportiva personalizada\",\"publisher\":{\"@id\":\"https:\\\/\\\/www.inverseteams.com\\\/ca\\\/#organization\"},\"potentialAction\":[{\"@type\":\"SearchAction\",\"target\":{\"@type\":\"EntryPoint\",\"urlTemplate\":\"https:\\\/\\\/www.inverseteams.com\\\/ca\\\/?s={search_term_string}\"},\"query-input\":{\"@type\":\"PropertyValueSpecification\",\"valueRequired\":true,\"valueName\":\"search_term_string\"}}],\"inLanguage\":\"ca\"},{\"@type\":\"Organization\",\"@id\":\"https:\\\/\\\/www.inverseteams.com\\\/ca\\\/#organization\",\"name\":\"Inverse Teams\",\"url\":\"https:\\\/\\\/www.inverseteams.com\\\/ca\\\/\",\"logo\":{\"@type\":\"ImageObject\",\"inLanguage\":\"ca\",\"@id\":\"https:\\\/\\\/www.inverseteams.com\\\/ca\\\/#\\\/schema\\\/logo\\\/image\\\/\",\"url\":\"http:\\\/\\\/www.inverseteams.com\\\/wp-content\\\/uploads\\\/2021\\\/03\\\/logo-inverse-teams.png\",\"contentUrl\":\"http:\\\/\\\/www.inverseteams.com\\\/wp-content\\\/uploads\\\/2021\\\/03\\\/logo-inverse-teams.png\",\"width\":294,\"height\":99,\"caption\":\"Inverse Teams\"},\"image\":{\"@id\":\"https:\\\/\\\/www.inverseteams.com\\\/ca\\\/#\\\/schema\\\/logo\\\/image\\\/\"},\"sameAs\":[\"https:\\\/\\\/www.facebook.com\\\/inverseteams\",\"http:\\\/\\\/instagram.com\\\/inverseteams\",\"https:\\\/\\\/www.linkedin.com\\\/company\\\/inverse-cirosport-s-l-?trk=job_view_topcard_company_name\",\"http:\\\/\\\/www.pinterest.com\\\/inverseteams\\\/\",\"http:\\\/\\\/www.youtube.com\\\/user\\\/inverseteams?feature=watch\"]}]}<\/script>\n<!-- \/ Yoast SEO plugin. -->","yoast_head_json":{"title":"Equipacions de b\u00e0squet personalitzades | Lliurament en 4 Setmanes","description":"Roba de b\u00e0squet personalitzada per al teu equip o club. Escull la gamma i demana pressupost. Amb el teu disseny incl\u00f2s, entrega garantida en 4 setmanes!","robots":{"index":"noindex","follow":"follow"},"og_locale":"ca_ES","og_type":"article","og_title":"Equipacions de b\u00e0squet personalitzades | Lliurament en 4 Setmanes","og_description":"Roba de b\u00e0squet personalitzada per al teu equip o club. Escull la gamma i demana pressupost. Amb el teu disseny incl\u00f2s, entrega garantida en 4 setmanes!","og_url":"https:\/\/www.inverseteams.com\/ca\/roba-de-basquet-personalitzada\/","og_site_name":"Inverseteams","article_publisher":"https:\/\/www.facebook.com\/inverseteams","article_modified_time":"2025-12-23T13:34:23+00:00","twitter_card":"summary_large_image","schema":{"@context":"https:\/\/schema.org","@graph":[{"@type":"WebPage","@id":"https:\/\/www.inverseteams.com\/ca\/roba-de-basquet-personalitzada\/","url":"https:\/\/www.inverseteams.com\/ca\/roba-de-basquet-personalitzada\/","name":"Equipacions de b\u00e0squet personalitzades | Lliurament en 4 Setmanes","isPartOf":{"@id":"https:\/\/www.inverseteams.com\/ca\/#website"},"datePublished":"2025-12-23T13:30:23+00:00","dateModified":"2025-12-23T13:34:23+00:00","description":"Roba de b\u00e0squet personalitzada per al teu equip o club. Escull la gamma i demana pressupost. Amb el teu disseny incl\u00f2s, entrega garantida en 4 setmanes!","breadcrumb":{"@id":"https:\/\/www.inverseteams.com\/ca\/roba-de-basquet-personalitzada\/#breadcrumb"},"inLanguage":"ca","potentialAction":[{"@type":"ReadAction","target":["https:\/\/www.inverseteams.com\/ca\/roba-de-basquet-personalitzada\/"]}]},{"@type":"BreadcrumbList","@id":"https:\/\/www.inverseteams.com\/ca\/roba-de-basquet-personalitzada\/#breadcrumb","itemListElement":[{"@type":"ListItem","position":1,"name":"Portada","item":"https:\/\/www.inverseteams.com\/ca\/pagina-principal\/"},{"@type":"ListItem","position":2,"name":"Roba de b\u00e0squet personalitzada"}]},{"@type":"WebSite","@id":"https:\/\/www.inverseteams.com\/ca\/#website","url":"https:\/\/www.inverseteams.com\/ca\/","name":"Inverseteams","description":"Tu marca de ropa deportiva personalizada","publisher":{"@id":"https:\/\/www.inverseteams.com\/ca\/#organization"},"potentialAction":[{"@type":"SearchAction","target":{"@type":"EntryPoint","urlTemplate":"https:\/\/www.inverseteams.com\/ca\/?s={search_term_string}"},"query-input":{"@type":"PropertyValueSpecification","valueRequired":true,"valueName":"search_term_string"}}],"inLanguage":"ca"},{"@type":"Organization","@id":"https:\/\/www.inverseteams.com\/ca\/#organization","name":"Inverse Teams","url":"https:\/\/www.inverseteams.com\/ca\/","logo":{"@type":"ImageObject","inLanguage":"ca","@id":"https:\/\/www.inverseteams.com\/ca\/#\/schema\/logo\/image\/","url":"https:\/\/www.inverseteams.com\/wp-content\/uploads\/2021\/03\/logo-inverse-teams.png","contentUrl":"https:\/\/www.inverseteams.com\/wp-content\/uploads\/2021\/03\/logo-inverse-teams.png","width":294,"height":99,"caption":"Inverse Teams"},"image":{"@id":"https:\/\/www.inverseteams.com\/ca\/#\/schema\/logo\/image\/"},"sameAs":["https:\/\/www.facebook.com\/inverseteams","http:\/\/instagram.com\/inverseteams","https:\/\/www.linkedin.com\/company\/inverse-cirosport-s-l-?trk=job_view_topcard_company_name","http:\/\/www.pinterest.com\/inverseteams\/","http:\/\/www.youtube.com\/user\/inverseteams?feature=watch"]}]}},"_links":{"self":[{"href":"https:\/\/www.inverseteams.com\/ca\/wp-json\/wp\/v2\/pages\/276850","targetHints":{"allow":["GET"]}}],"collection":[{"href":"https:\/\/www.inverseteams.com\/ca\/wp-json\/wp\/v2\/pages"}],"about":[{"href":"https:\/\/www.inverseteams.com\/ca\/wp-json\/wp\/v2\/types\/page"}],"author":[{"embeddable":true,"href":"https:\/\/www.inverseteams.com\/ca\/wp-json\/wp\/v2\/users\/783"}],"replies":[{"embeddable":true,"href":"https:\/\/www.inverseteams.com\/ca\/wp-json\/wp\/v2\/comments?post=276850"}],"version-history":[{"count":0,"href":"https:\/\/www.inverseteams.com\/ca\/wp-json\/wp\/v2\/pages\/276850\/revisions"}],"wp:attachment":[{"href":"https:\/\/www.inverseteams.com\/ca\/wp-json\/wp\/v2\/media?parent=276850"}],"curies":[{"name":"wp","href":"https:\/\/api.w.org\/{rel}","templated":true}]}}