{"id":168934,"date":"2023-11-16T10:47:41","date_gmt":"2023-11-16T10:47:41","guid":{"rendered":"https:\/\/www.inverseteams.com\/?page_id=168934"},"modified":"2024-02-03T08:55:22","modified_gmt":"2024-02-03T08:55:22","slug":"responsabilitat-social-corporativa","status":"publish","type":"page","link":"https:\/\/www.inverseteams.com\/ca\/responsabilitat-social-corporativa\/","title":{"rendered":"RESPONSABILITAT SOCIAL CORPORATIVA"},"content":{"rendered":"\n<figure class=\"wp-block-image size-full\"><img loading=\"lazy\" decoding=\"async\" width=\"1920\" height=\"1249\" src=\"https:\/\/www.inverseteams.com\/wp-content\/uploads\/INVERSE-RESPONSABILITAT-SOCIAL-CORPORATIVA-001.jpg\" alt=\"Estem conven\u00e7uts de que si hi ha una activitat que contribueix a fer realitat el desenvolupament i la pau, promovent la toler\u00e0ncia i el respecte, \u00e9s l\u2019esport.\" class=\"wp-image-181736\" srcset=\"https:\/\/www.inverseteams.com\/wp-content\/uploads\/INVERSE-RESPONSABILITAT-SOCIAL-CORPORATIVA-001.jpg 1920w, https:\/\/www.inverseteams.com\/wp-content\/uploads\/INVERSE-RESPONSABILITAT-SOCIAL-CORPORATIVA-001-300x195.jpg 300w, https:\/\/www.inverseteams.com\/wp-content\/uploads\/INVERSE-RESPONSABILITAT-SOCIAL-CORPORATIVA-001-1024x666.jpg 1024w, https:\/\/www.inverseteams.com\/wp-content\/uploads\/INVERSE-RESPONSABILITAT-SOCIAL-CORPORATIVA-001-768x500.jpg 768w, https:\/\/www.inverseteams.com\/wp-content\/uploads\/INVERSE-RESPONSABILITAT-SOCIAL-CORPORATIVA-001-1536x999.jpg 1536w, https:\/\/www.inverseteams.com\/wp-content\/uploads\/INVERSE-RESPONSABILITAT-SOCIAL-CORPORATIVA-001-420x273.jpg 420w, https:\/\/www.inverseteams.com\/wp-content\/uploads\/INVERSE-RESPONSABILITAT-SOCIAL-CORPORATIVA-001-64x42.jpg 64w\" sizes=\"auto, (max-width: 1920px) 100vw, 1920px\" \/><\/figure>\n\n\n\n<figure class=\"wp-block-image size-full\"><img loading=\"lazy\" decoding=\"async\" width=\"1920\" height=\"1115\" src=\"https:\/\/www.inverseteams.com\/wp-content\/uploads\/INVERSE-RESPONSABILITAT-SOCIAL-CORPORATIVA-002.jpg\" alt=\"Fomentem l\u2019\u00fas de mat\u00e8ries primeres sostenibles i \u00e8tiques als nostres productes i en tots els materials necessaris durant el proc\u00e9s de producci\u00f3\" class=\"wp-image-181741\" srcset=\"https:\/\/www.inverseteams.com\/wp-content\/uploads\/INVERSE-RESPONSABILITAT-SOCIAL-CORPORATIVA-002.jpg 1920w, https:\/\/www.inverseteams.com\/wp-content\/uploads\/INVERSE-RESPONSABILITAT-SOCIAL-CORPORATIVA-002-300x174.jpg 300w, https:\/\/www.inverseteams.com\/wp-content\/uploads\/INVERSE-RESPONSABILITAT-SOCIAL-CORPORATIVA-002-1024x595.jpg 1024w, https:\/\/www.inverseteams.com\/wp-content\/uploads\/INVERSE-RESPONSABILITAT-SOCIAL-CORPORATIVA-002-768x446.jpg 768w, https:\/\/www.inverseteams.com\/wp-content\/uploads\/INVERSE-RESPONSABILITAT-SOCIAL-CORPORATIVA-002-1536x892.jpg 1536w, https:\/\/www.inverseteams.com\/wp-content\/uploads\/INVERSE-RESPONSABILITAT-SOCIAL-CORPORATIVA-002-420x244.jpg 420w, https:\/\/www.inverseteams.com\/wp-content\/uploads\/INVERSE-RESPONSABILITAT-SOCIAL-CORPORATIVA-002-64x37.jpg 64w\" sizes=\"auto, (max-width: 1920px) 100vw, 1920px\" \/><\/figure>\n\n\n\n<figure class=\"wp-block-image size-full\"><img loading=\"lazy\" decoding=\"async\" width=\"1920\" height=\"1077\" src=\"https:\/\/www.inverseteams.com\/wp-content\/uploads\/INVERSE-RESPONSABILITAT-SOCIAL-CORPORATIVA-003.jpg\" alt=\"Paper transfer \u00e9s reciclat. Packagings i precintes estan fabricats amb material reciclat.\" class=\"wp-image-181746\" srcset=\"https:\/\/www.inverseteams.com\/wp-content\/uploads\/INVERSE-RESPONSABILITAT-SOCIAL-CORPORATIVA-003.jpg 1920w, https:\/\/www.inverseteams.com\/wp-content\/uploads\/INVERSE-RESPONSABILITAT-SOCIAL-CORPORATIVA-003-300x168.jpg 300w, https:\/\/www.inverseteams.com\/wp-content\/uploads\/INVERSE-RESPONSABILITAT-SOCIAL-CORPORATIVA-003-1024x574.jpg 1024w, https:\/\/www.inverseteams.com\/wp-content\/uploads\/INVERSE-RESPONSABILITAT-SOCIAL-CORPORATIVA-003-768x431.jpg 768w, https:\/\/www.inverseteams.com\/wp-content\/uploads\/INVERSE-RESPONSABILITAT-SOCIAL-CORPORATIVA-003-1536x862.jpg 1536w, https:\/\/www.inverseteams.com\/wp-content\/uploads\/INVERSE-RESPONSABILITAT-SOCIAL-CORPORATIVA-003-420x236.jpg 420w, https:\/\/www.inverseteams.com\/wp-content\/uploads\/INVERSE-RESPONSABILITAT-SOCIAL-CORPORATIVA-003-64x36.jpg 64w\" sizes=\"auto, (max-width: 1920px) 100vw, 1920px\" \/><\/figure>\n\n\n\n<figure class=\"wp-block-image size-full\"><img loading=\"lazy\" decoding=\"async\" width=\"1920\" height=\"1080\" src=\"https:\/\/www.inverseteams.com\/wp-content\/uploads\/INVERSE-RESPONSABILITAT-SOCIAL-CORPORATIVA-004.jpg\" alt=\"Servei de reparaci\u00f3. Peces amb elements que fomenten accions respectuoses amb el medi ambient.\" class=\"wp-image-181751\" srcset=\"https:\/\/www.inverseteams.com\/wp-content\/uploads\/INVERSE-RESPONSABILITAT-SOCIAL-CORPORATIVA-004.jpg 1920w, https:\/\/www.inverseteams.com\/wp-content\/uploads\/INVERSE-RESPONSABILITAT-SOCIAL-CORPORATIVA-004-300x169.jpg 300w, https:\/\/www.inverseteams.com\/wp-content\/uploads\/INVERSE-RESPONSABILITAT-SOCIAL-CORPORATIVA-004-1024x576.jpg 1024w, https:\/\/www.inverseteams.com\/wp-content\/uploads\/INVERSE-RESPONSABILITAT-SOCIAL-CORPORATIVA-004-768x432.jpg 768w, https:\/\/www.inverseteams.com\/wp-content\/uploads\/INVERSE-RESPONSABILITAT-SOCIAL-CORPORATIVA-004-1536x864.jpg 1536w, https:\/\/www.inverseteams.com\/wp-content\/uploads\/INVERSE-RESPONSABILITAT-SOCIAL-CORPORATIVA-004-420x236.jpg 420w, https:\/\/www.inverseteams.com\/wp-content\/uploads\/INVERSE-RESPONSABILITAT-SOCIAL-CORPORATIVA-004-64x36.jpg 64w\" sizes=\"auto, (max-width: 1920px) 100vw, 1920px\" \/><\/figure>\n\n\n\n<figure class=\"wp-block-image size-full\"><img loading=\"lazy\" decoding=\"async\" width=\"1920\" height=\"1080\" src=\"https:\/\/www.inverseteams.com\/wp-content\/uploads\/INVERSE-RESPONSABILITAT-SOCIAL-CORPORATIVA-005.jpg\" alt=\"Fabricaci\u00f3 centralitzada per reduir la petjada de carboni. Il\u00b7luminaci\u00f3 LED a les nostres instal\u00b7lacions per millorar l\u2019efici\u00e8ncia energ\u00e8tica\" class=\"wp-image-181756\" srcset=\"https:\/\/www.inverseteams.com\/wp-content\/uploads\/INVERSE-RESPONSABILITAT-SOCIAL-CORPORATIVA-005.jpg 1920w, https:\/\/www.inverseteams.com\/wp-content\/uploads\/INVERSE-RESPONSABILITAT-SOCIAL-CORPORATIVA-005-300x169.jpg 300w, https:\/\/www.inverseteams.com\/wp-content\/uploads\/INVERSE-RESPONSABILITAT-SOCIAL-CORPORATIVA-005-1024x576.jpg 1024w, https:\/\/www.inverseteams.com\/wp-content\/uploads\/INVERSE-RESPONSABILITAT-SOCIAL-CORPORATIVA-005-768x432.jpg 768w, https:\/\/www.inverseteams.com\/wp-content\/uploads\/INVERSE-RESPONSABILITAT-SOCIAL-CORPORATIVA-005-1536x864.jpg 1536w, https:\/\/www.inverseteams.com\/wp-content\/uploads\/INVERSE-RESPONSABILITAT-SOCIAL-CORPORATIVA-005-420x236.jpg 420w, https:\/\/www.inverseteams.com\/wp-content\/uploads\/INVERSE-RESPONSABILITAT-SOCIAL-CORPORATIVA-005-64x36.jpg 64w\" sizes=\"auto, (max-width: 1920px) 100vw, 1920px\" \/><\/figure>\n\n\n\n<figure class=\"wp-block-image size-full\"><img loading=\"lazy\" decoding=\"async\" width=\"1920\" height=\"1081\" src=\"https:\/\/www.inverseteams.com\/wp-content\/uploads\/INVERSE-RESPONSABILITAT-SOCIAL-CORPORATIVA-006a.jpg\" alt=\"RESPONSABILITAT SOCIAL. Invertim en programes de formaci\u00f3 per enfortir el capital hum\u00e0 de la nostra organitzaci\u00f3.\" class=\"wp-image-181761\" srcset=\"https:\/\/www.inverseteams.com\/wp-content\/uploads\/INVERSE-RESPONSABILITAT-SOCIAL-CORPORATIVA-006a.jpg 1920w, https:\/\/www.inverseteams.com\/wp-content\/uploads\/INVERSE-RESPONSABILITAT-SOCIAL-CORPORATIVA-006a-300x169.jpg 300w, https:\/\/www.inverseteams.com\/wp-content\/uploads\/INVERSE-RESPONSABILITAT-SOCIAL-CORPORATIVA-006a-1024x577.jpg 1024w, https:\/\/www.inverseteams.com\/wp-content\/uploads\/INVERSE-RESPONSABILITAT-SOCIAL-CORPORATIVA-006a-768x432.jpg 768w, https:\/\/www.inverseteams.com\/wp-content\/uploads\/INVERSE-RESPONSABILITAT-SOCIAL-CORPORATIVA-006a-1536x865.jpg 1536w, https:\/\/www.inverseteams.com\/wp-content\/uploads\/INVERSE-RESPONSABILITAT-SOCIAL-CORPORATIVA-006a-420x236.jpg 420w, https:\/\/www.inverseteams.com\/wp-content\/uploads\/INVERSE-RESPONSABILITAT-SOCIAL-CORPORATIVA-006a-64x36.jpg 64w\" sizes=\"auto, (max-width: 1920px) 100vw, 1920px\" \/><\/figure>\n\n\n\n<figure class=\"wp-block-image size-full\"><img loading=\"lazy\" decoding=\"async\" width=\"1920\" height=\"1087\" src=\"https:\/\/www.inverseteams.com\/wp-content\/uploads\/INVERSE-RESPONSABILITAT-SOCIAL-CORPORATIVA-006b.jpg\" alt=\"Des d\u2019INVERSE col\u00b7laborem amb institucions, clubs i associacions esportives per ajudar a organitzar esdeveniments esportius.\" class=\"wp-image-181766\" srcset=\"https:\/\/www.inverseteams.com\/wp-content\/uploads\/INVERSE-RESPONSABILITAT-SOCIAL-CORPORATIVA-006b.jpg 1920w, https:\/\/www.inverseteams.com\/wp-content\/uploads\/INVERSE-RESPONSABILITAT-SOCIAL-CORPORATIVA-006b-300x170.jpg 300w, https:\/\/www.inverseteams.com\/wp-content\/uploads\/INVERSE-RESPONSABILITAT-SOCIAL-CORPORATIVA-006b-1024x580.jpg 1024w, https:\/\/www.inverseteams.com\/wp-content\/uploads\/INVERSE-RESPONSABILITAT-SOCIAL-CORPORATIVA-006b-768x435.jpg 768w, https:\/\/www.inverseteams.com\/wp-content\/uploads\/INVERSE-RESPONSABILITAT-SOCIAL-CORPORATIVA-006b-1536x870.jpg 1536w, https:\/\/www.inverseteams.com\/wp-content\/uploads\/INVERSE-RESPONSABILITAT-SOCIAL-CORPORATIVA-006b-420x238.jpg 420w, https:\/\/www.inverseteams.com\/wp-content\/uploads\/INVERSE-RESPONSABILITAT-SOCIAL-CORPORATIVA-006b-64x36.jpg 64w\" sizes=\"auto, (max-width: 1920px) 100vw, 1920px\" \/><\/figure>\n\n\n\n<figure class=\"wp-block-image size-full\"><img loading=\"lazy\" decoding=\"async\" width=\"1920\" height=\"1081\" src=\"https:\/\/www.inverseteams.com\/wp-content\/uploads\/INVERSE-RESPONSABILITAT-SOCIAL-CORPORATIVA-007.jpg\" alt=\"Inverse va ser la primera empresa espanyola en desenvolupar mascaretes esportives amb la certificaci\u00f3 UNE 0065:2020\" class=\"wp-image-181771\" srcset=\"https:\/\/www.inverseteams.com\/wp-content\/uploads\/INVERSE-RESPONSABILITAT-SOCIAL-CORPORATIVA-007.jpg 1920w, https:\/\/www.inverseteams.com\/wp-content\/uploads\/INVERSE-RESPONSABILITAT-SOCIAL-CORPORATIVA-007-300x169.jpg 300w, https:\/\/www.inverseteams.com\/wp-content\/uploads\/INVERSE-RESPONSABILITAT-SOCIAL-CORPORATIVA-007-1024x577.jpg 1024w, https:\/\/www.inverseteams.com\/wp-content\/uploads\/INVERSE-RESPONSABILITAT-SOCIAL-CORPORATIVA-007-768x432.jpg 768w, https:\/\/www.inverseteams.com\/wp-content\/uploads\/INVERSE-RESPONSABILITAT-SOCIAL-CORPORATIVA-007-1536x865.jpg 1536w, https:\/\/www.inverseteams.com\/wp-content\/uploads\/INVERSE-RESPONSABILITAT-SOCIAL-CORPORATIVA-007-420x236.jpg 420w, https:\/\/www.inverseteams.com\/wp-content\/uploads\/INVERSE-RESPONSABILITAT-SOCIAL-CORPORATIVA-007-64x36.jpg 64w\" sizes=\"auto, (max-width: 1920px) 100vw, 1920px\" \/><\/figure>\n\n\n\n<div style=\"height:50px\" aria-hidden=\"true\" class=\"wp-block-spacer\"><\/div>\n\n\n\n<div class=\"wp-block-buttons is-content-justification-center is-layout-flex wp-container-core-buttons-is-layout-14c487f4 wp-block-buttons-is-layout-flex\">\n<div class=\"wp-block-button has-custom-width wp-block-button__width-50 is-style-fill\"><a class=\"wp-block-button__link has-text-align-center wp-element-button\" href=\"https:\/\/www.inverseteams.com\/wp-content\/uploads\/INVERSE-RESPONSABILITAT-SOCIAL-CORPORATIVA.pdf\" style=\"border-radius:0px\" rel=\"\"><strong>DESCARREGAR DOCUMENT<\/strong><\/a><\/div>\n<\/div>\n","protected":false},"excerpt":{"rendered":"","protected":false},"author":783,"featured_media":0,"parent":0,"menu_order":0,"comment_status":"closed","ping_status":"closed","template":"page-templates\/page-no-title-full-width.php","meta":{"_acf_changed":false,"footnotes":""},"class_list":["post-168934","page","type-page","status-publish","hentry"],"acf":[],"yoast_head":"<!-- This site is optimized with the Yoast SEO plugin v27.3 - https:\/\/yoast.com\/product\/yoast-seo-wordpress\/ -->\n<title>RESPONSABILITAT SOCIAL CORPORATIVA | Inverseteams<\/title>\n<meta name=\"robots\" content=\"index, follow, max-snippet:-1, max-image-preview:large, max-video-preview:-1\" \/>\n<link rel=\"canonical\" href=\"https:\/\/www.inverseteams.com\/ca\/responsabilitat-social-corporativa\/\" \/>\n<meta property=\"og:locale\" content=\"ca_ES\" \/>\n<meta property=\"og:type\" content=\"article\" \/>\n<meta property=\"og:title\" content=\"RESPONSABILITAT SOCIAL CORPORATIVA | Inverseteams\" \/>\n<meta property=\"og:url\" content=\"https:\/\/www.inverseteams.com\/ca\/responsabilitat-social-corporativa\/\" \/>\n<meta property=\"og:site_name\" content=\"Inverseteams\" \/>\n<meta property=\"article:publisher\" content=\"https:\/\/www.facebook.com\/inverseteams\" \/>\n<meta property=\"article:modified_time\" content=\"2024-02-03T08:55:22+00:00\" \/>\n<meta property=\"og:image\" content=\"https:\/\/www.inverseteams.com\/wp-content\/uploads\/INVERSE-RESPONSABILITAT-SOCIAL-CORPORATIVA-001.jpg\" \/>\n<meta name=\"twitter:card\" content=\"summary_large_image\" \/>\n<meta name=\"twitter:label1\" content=\"Temps estimat de lectura\" \/>\n\t<meta name=\"twitter:data1\" content=\"2 minut\" \/>\n<script type=\"application\/ld+json\" class=\"yoast-schema-graph\">{\"@context\":\"https:\\\/\\\/schema.org\",\"@graph\":[{\"@type\":\"WebPage\",\"@id\":\"https:\\\/\\\/www.inverseteams.com\\\/ca\\\/responsabilitat-social-corporativa\\\/\",\"url\":\"https:\\\/\\\/www.inverseteams.com\\\/ca\\\/responsabilitat-social-corporativa\\\/\",\"name\":\"RESPONSABILITAT SOCIAL CORPORATIVA | Inverseteams\",\"isPartOf\":{\"@id\":\"https:\\\/\\\/www.inverseteams.com\\\/ca\\\/#website\"},\"primaryImageOfPage\":{\"@id\":\"https:\\\/\\\/www.inverseteams.com\\\/ca\\\/responsabilitat-social-corporativa\\\/#primaryimage\"},\"image\":{\"@id\":\"https:\\\/\\\/www.inverseteams.com\\\/ca\\\/responsabilitat-social-corporativa\\\/#primaryimage\"},\"thumbnailUrl\":\"https:\\\/\\\/www.inverseteams.com\\\/wp-content\\\/uploads\\\/INVERSE-RESPONSABILITAT-SOCIAL-CORPORATIVA-001.jpg\",\"datePublished\":\"2023-11-16T10:47:41+00:00\",\"dateModified\":\"2024-02-03T08:55:22+00:00\",\"breadcrumb\":{\"@id\":\"https:\\\/\\\/www.inverseteams.com\\\/ca\\\/responsabilitat-social-corporativa\\\/#breadcrumb\"},\"inLanguage\":\"ca\",\"potentialAction\":[{\"@type\":\"ReadAction\",\"target\":[\"https:\\\/\\\/www.inverseteams.com\\\/ca\\\/responsabilitat-social-corporativa\\\/\"]}]},{\"@type\":\"ImageObject\",\"inLanguage\":\"ca\",\"@id\":\"https:\\\/\\\/www.inverseteams.com\\\/ca\\\/responsabilitat-social-corporativa\\\/#primaryimage\",\"url\":\"https:\\\/\\\/www.inverseteams.com\\\/wp-content\\\/uploads\\\/INVERSE-RESPONSABILITAT-SOCIAL-CORPORATIVA-001.jpg\",\"contentUrl\":\"https:\\\/\\\/www.inverseteams.com\\\/wp-content\\\/uploads\\\/INVERSE-RESPONSABILITAT-SOCIAL-CORPORATIVA-001.jpg\"},{\"@type\":\"BreadcrumbList\",\"@id\":\"https:\\\/\\\/www.inverseteams.com\\\/ca\\\/responsabilitat-social-corporativa\\\/#breadcrumb\",\"itemListElement\":[{\"@type\":\"ListItem\",\"position\":1,\"name\":\"Portada\",\"item\":\"https:\\\/\\\/www.inverseteams.com\\\/ca\\\/pagina-principal\\\/\"},{\"@type\":\"ListItem\",\"position\":2,\"name\":\"RESPONSABILITAT SOCIAL CORPORATIVA\"}]},{\"@type\":\"WebSite\",\"@id\":\"https:\\\/\\\/www.inverseteams.com\\\/ca\\\/#website\",\"url\":\"https:\\\/\\\/www.inverseteams.com\\\/ca\\\/\",\"name\":\"Inverseteams\",\"description\":\"Tu marca de ropa deportiva personalizada\",\"publisher\":{\"@id\":\"https:\\\/\\\/www.inverseteams.com\\\/ca\\\/#organization\"},\"potentialAction\":[{\"@type\":\"SearchAction\",\"target\":{\"@type\":\"EntryPoint\",\"urlTemplate\":\"https:\\\/\\\/www.inverseteams.com\\\/ca\\\/?s={search_term_string}\"},\"query-input\":{\"@type\":\"PropertyValueSpecification\",\"valueRequired\":true,\"valueName\":\"search_term_string\"}}],\"inLanguage\":\"ca\"},{\"@type\":\"Organization\",\"@id\":\"https:\\\/\\\/www.inverseteams.com\\\/ca\\\/#organization\",\"name\":\"Inverse Teams\",\"url\":\"https:\\\/\\\/www.inverseteams.com\\\/ca\\\/\",\"logo\":{\"@type\":\"ImageObject\",\"inLanguage\":\"ca\",\"@id\":\"https:\\\/\\\/www.inverseteams.com\\\/ca\\\/#\\\/schema\\\/logo\\\/image\\\/\",\"url\":\"http:\\\/\\\/www.inverseteams.com\\\/wp-content\\\/uploads\\\/2021\\\/03\\\/logo-inverse-teams.png\",\"contentUrl\":\"http:\\\/\\\/www.inverseteams.com\\\/wp-content\\\/uploads\\\/2021\\\/03\\\/logo-inverse-teams.png\",\"width\":294,\"height\":99,\"caption\":\"Inverse Teams\"},\"image\":{\"@id\":\"https:\\\/\\\/www.inverseteams.com\\\/ca\\\/#\\\/schema\\\/logo\\\/image\\\/\"},\"sameAs\":[\"https:\\\/\\\/www.facebook.com\\\/inverseteams\",\"http:\\\/\\\/instagram.com\\\/inverseteams\",\"https:\\\/\\\/www.linkedin.com\\\/company\\\/inverse-cirosport-s-l-?trk=job_view_topcard_company_name\",\"http:\\\/\\\/www.pinterest.com\\\/inverseteams\\\/\",\"http:\\\/\\\/www.youtube.com\\\/user\\\/inverseteams?feature=watch\"]}]}<\/script>\n<!-- \/ Yoast SEO plugin. -->","yoast_head_json":{"title":"RESPONSABILITAT SOCIAL CORPORATIVA | Inverseteams","robots":{"index":"index","follow":"follow","max-snippet":"max-snippet:-1","max-image-preview":"max-image-preview:large","max-video-preview":"max-video-preview:-1"},"canonical":"https:\/\/www.inverseteams.com\/ca\/responsabilitat-social-corporativa\/","og_locale":"ca_ES","og_type":"article","og_title":"RESPONSABILITAT SOCIAL CORPORATIVA | Inverseteams","og_url":"https:\/\/www.inverseteams.com\/ca\/responsabilitat-social-corporativa\/","og_site_name":"Inverseteams","article_publisher":"https:\/\/www.facebook.com\/inverseteams","article_modified_time":"2024-02-03T08:55:22+00:00","og_image":[{"url":"https:\/\/www.inverseteams.com\/wp-content\/uploads\/INVERSE-RESPONSABILITAT-SOCIAL-CORPORATIVA-001.jpg","type":"","width":"","height":""}],"twitter_card":"summary_large_image","twitter_misc":{"Temps estimat de lectura":"2 minut"},"schema":{"@context":"https:\/\/schema.org","@graph":[{"@type":"WebPage","@id":"https:\/\/www.inverseteams.com\/ca\/responsabilitat-social-corporativa\/","url":"https:\/\/www.inverseteams.com\/ca\/responsabilitat-social-corporativa\/","name":"RESPONSABILITAT SOCIAL CORPORATIVA | Inverseteams","isPartOf":{"@id":"https:\/\/www.inverseteams.com\/ca\/#website"},"primaryImageOfPage":{"@id":"https:\/\/www.inverseteams.com\/ca\/responsabilitat-social-corporativa\/#primaryimage"},"image":{"@id":"https:\/\/www.inverseteams.com\/ca\/responsabilitat-social-corporativa\/#primaryimage"},"thumbnailUrl":"https:\/\/www.inverseteams.com\/wp-content\/uploads\/INVERSE-RESPONSABILITAT-SOCIAL-CORPORATIVA-001.jpg","datePublished":"2023-11-16T10:47:41+00:00","dateModified":"2024-02-03T08:55:22+00:00","breadcrumb":{"@id":"https:\/\/www.inverseteams.com\/ca\/responsabilitat-social-corporativa\/#breadcrumb"},"inLanguage":"ca","potentialAction":[{"@type":"ReadAction","target":["https:\/\/www.inverseteams.com\/ca\/responsabilitat-social-corporativa\/"]}]},{"@type":"ImageObject","inLanguage":"ca","@id":"https:\/\/www.inverseteams.com\/ca\/responsabilitat-social-corporativa\/#primaryimage","url":"https:\/\/www.inverseteams.com\/wp-content\/uploads\/INVERSE-RESPONSABILITAT-SOCIAL-CORPORATIVA-001.jpg","contentUrl":"https:\/\/www.inverseteams.com\/wp-content\/uploads\/INVERSE-RESPONSABILITAT-SOCIAL-CORPORATIVA-001.jpg"},{"@type":"BreadcrumbList","@id":"https:\/\/www.inverseteams.com\/ca\/responsabilitat-social-corporativa\/#breadcrumb","itemListElement":[{"@type":"ListItem","position":1,"name":"Portada","item":"https:\/\/www.inverseteams.com\/ca\/pagina-principal\/"},{"@type":"ListItem","position":2,"name":"RESPONSABILITAT SOCIAL CORPORATIVA"}]},{"@type":"WebSite","@id":"https:\/\/www.inverseteams.com\/ca\/#website","url":"https:\/\/www.inverseteams.com\/ca\/","name":"Inverseteams","description":"Tu marca de ropa deportiva personalizada","publisher":{"@id":"https:\/\/www.inverseteams.com\/ca\/#organization"},"potentialAction":[{"@type":"SearchAction","target":{"@type":"EntryPoint","urlTemplate":"https:\/\/www.inverseteams.com\/ca\/?s={search_term_string}"},"query-input":{"@type":"PropertyValueSpecification","valueRequired":true,"valueName":"search_term_string"}}],"inLanguage":"ca"},{"@type":"Organization","@id":"https:\/\/www.inverseteams.com\/ca\/#organization","name":"Inverse Teams","url":"https:\/\/www.inverseteams.com\/ca\/","logo":{"@type":"ImageObject","inLanguage":"ca","@id":"https:\/\/www.inverseteams.com\/ca\/#\/schema\/logo\/image\/","url":"https:\/\/www.inverseteams.com\/wp-content\/uploads\/2021\/03\/logo-inverse-teams.png","contentUrl":"https:\/\/www.inverseteams.com\/wp-content\/uploads\/2021\/03\/logo-inverse-teams.png","width":294,"height":99,"caption":"Inverse Teams"},"image":{"@id":"https:\/\/www.inverseteams.com\/ca\/#\/schema\/logo\/image\/"},"sameAs":["https:\/\/www.facebook.com\/inverseteams","http:\/\/instagram.com\/inverseteams","https:\/\/www.linkedin.com\/company\/inverse-cirosport-s-l-?trk=job_view_topcard_company_name","http:\/\/www.pinterest.com\/inverseteams\/","http:\/\/www.youtube.com\/user\/inverseteams?feature=watch"]}]}},"_links":{"self":[{"href":"https:\/\/www.inverseteams.com\/ca\/wp-json\/wp\/v2\/pages\/168934","targetHints":{"allow":["GET"]}}],"collection":[{"href":"https:\/\/www.inverseteams.com\/ca\/wp-json\/wp\/v2\/pages"}],"about":[{"href":"https:\/\/www.inverseteams.com\/ca\/wp-json\/wp\/v2\/types\/page"}],"author":[{"embeddable":true,"href":"https:\/\/www.inverseteams.com\/ca\/wp-json\/wp\/v2\/users\/783"}],"replies":[{"embeddable":true,"href":"https:\/\/www.inverseteams.com\/ca\/wp-json\/wp\/v2\/comments?post=168934"}],"version-history":[{"count":0,"href":"https:\/\/www.inverseteams.com\/ca\/wp-json\/wp\/v2\/pages\/168934\/revisions"}],"wp:attachment":[{"href":"https:\/\/www.inverseteams.com\/ca\/wp-json\/wp\/v2\/media?parent=168934"}],"curies":[{"name":"wp","href":"https:\/\/api.w.org\/{rel}","templated":true}]}}